{"id":22,"date":"2017-03-14T08:39:04","date_gmt":"2017-03-14T08:39:04","guid":{"rendered":"http:\/\/porto-klaras.codibee.solutions\/extra-page-four\/"},"modified":"2021-08-06T12:32:09","modified_gmt":"2021-08-06T12:32:09","slug":"kythnos-weddings","status":"publish","type":"page","link":"https:\/\/www.porto-klaras.gr\/de\/kythnos-weddings\/","title":{"rendered":"Hochzeit"},"content":{"rendered":"<p>Organisieren Sie Ihre Hochzeit auf der idyllischen Insel Kythnos!<\/p>\n<p>Porto Klaras wird Ihnen bei allen Informationen die Sie ben\u00f6tigen behilflich sein um diesen romantischen und besonderen Moment f\u00fcr Sie und Ihre G\u00e4ste einzigartig und unvergesslich zu machen.<br \/>\n<\/p>","protected":false},"excerpt":{"rendered":"<p>Organisieren Sie Ihre Hochzeit auf der idyllischen Insel Kythnos! Porto Klaras wird Ihnen bei allen Informationen die Sie ben\u00f6tigen behilflich sein um diesen romantischen und besonderen Moment f\u00fcr Sie und Ihre G\u00e4ste einzigartig und unvergesslich zu machen.<\/p>\n","protected":false},"author":1,"featured_media":154,"parent":0,"menu_order":0,"comment_status":"closed","ping_status":"closed","template":"","meta":{"footnotes":""},"class_list":["post-22","page","type-page","status-publish","has-post-thumbnail","hentry"],"_links":{"self":[{"href":"https:\/\/www.porto-klaras.gr\/de\/wp-json\/wp\/v2\/pages\/22","targetHints":{"allow":["GET"]}}],"collection":[{"href":"https:\/\/www.porto-klaras.gr\/de\/wp-json\/wp\/v2\/pages"}],"about":[{"href":"https:\/\/www.porto-klaras.gr\/de\/wp-json\/wp\/v2\/types\/page"}],"author":[{"embeddable":true,"href":"https:\/\/www.porto-klaras.gr\/de\/wp-json\/wp\/v2\/users\/1"}],"replies":[{"embeddable":true,"href":"https:\/\/www.porto-klaras.gr\/de\/wp-json\/wp\/v2\/comments?post=22"}],"version-history":[{"count":4,"href":"https:\/\/www.porto-klaras.gr\/de\/wp-json\/wp\/v2\/pages\/22\/revisions"}],"predecessor-version":[{"id":1429,"href":"https:\/\/www.porto-klaras.gr\/de\/wp-json\/wp\/v2\/pages\/22\/revisions\/1429"}],"wp:featuredmedia":[{"embeddable":true,"href":"https:\/\/www.porto-klaras.gr\/de\/wp-json\/wp\/v2\/media\/154"}],"wp:attachment":[{"href":"https:\/\/www.porto-klaras.gr\/de\/wp-json\/wp\/v2\/media?parent=22"}],"curies":[{"name":"wp","href":"https:\/\/api.w.org\/{rel}","templated":true}]}}