{"id":12,"date":"2017-03-14T08:39:04","date_gmt":"2017-03-14T08:39:04","guid":{"rendered":"http:\/\/porto-klaras.codibee.solutions\/about-island\/"},"modified":"2021-08-06T12:23:20","modified_gmt":"2021-08-06T12:23:20","slug":"kythnos-island","status":"publish","type":"page","link":"https:\/\/www.porto-klaras.gr\/fr\/kythnos-island\/","title":{"rendered":"Kythnos"},"content":{"rendered":"<p><strong>Acc\u00e8s:<\/strong><br \/>\nEn ferry depuis le port du Pir\u00e9e : 3h00<br \/>\nInfo: www.egov.yen.gr<br \/>\nEn ferry depuis le port de Lavrio : 1h30<br \/>\nInfo: www.oll.gr<br \/>\nArriv\u00e9e en voilier ou en yacht au port de Loutra<br \/>\nTransports Kythnos:<br \/>\nBus, taxi, voiture, location de voitures, location de scooters<br \/>\nPrincipaux villages de Kythnos:<br \/>\nMerichas, Loutra, Chora, Driopida,<br \/>\nLes plus belles plages :<br \/>\nKolona, Loutra avec ses eaux thermales, Agios Sostis, Potamia, Apokrousi, Skylou<\/p>\n<p><strong>A voir et \u00e0 visiter absolument:<\/strong><br \/>\nLa plage de Kolona, les sources thermales de Loutra, le Ch\u00e2teau d&rsquo;Oria, la grotte de Driopida, le mus\u00e9e, les marches des anciennes mines de Loutra, la promenade de nuit \u00e0 Chora. Le coucher de soleil sur les plages d&rsquo;Apokrousi ou d&rsquo;Episkopi.<\/p>","protected":false},"excerpt":{"rendered":"<p>La plage de Kolona, les sources thermales de Loutra, le Ch\u00e2teau d&rsquo;Oria, la grotte de Driopida, le mus\u00e9e, les marches des anciennes mines de Loutra, la promenade de nuit \u00e0 Chora. Le coucher de soleil sur les plages d&rsquo;Apokrousi ou d&rsquo;Episkopi.<\/p>\n","protected":false},"author":1,"featured_media":251,"parent":0,"menu_order":0,"comment_status":"closed","ping_status":"closed","template":"","meta":{"footnotes":""},"class_list":["post-12","page","type-page","status-publish","has-post-thumbnail","hentry"],"_links":{"self":[{"href":"https:\/\/www.porto-klaras.gr\/fr\/wp-json\/wp\/v2\/pages\/12","targetHints":{"allow":["GET"]}}],"collection":[{"href":"https:\/\/www.porto-klaras.gr\/fr\/wp-json\/wp\/v2\/pages"}],"about":[{"href":"https:\/\/www.porto-klaras.gr\/fr\/wp-json\/wp\/v2\/types\/page"}],"author":[{"embeddable":true,"href":"https:\/\/www.porto-klaras.gr\/fr\/wp-json\/wp\/v2\/users\/1"}],"replies":[{"embeddable":true,"href":"https:\/\/www.porto-klaras.gr\/fr\/wp-json\/wp\/v2\/comments?post=12"}],"version-history":[{"count":48,"href":"https:\/\/www.porto-klaras.gr\/fr\/wp-json\/wp\/v2\/pages\/12\/revisions"}],"predecessor-version":[{"id":1419,"href":"https:\/\/www.porto-klaras.gr\/fr\/wp-json\/wp\/v2\/pages\/12\/revisions\/1419"}],"wp:featuredmedia":[{"embeddable":true,"href":"https:\/\/www.porto-klaras.gr\/fr\/wp-json\/wp\/v2\/media\/251"}],"wp:attachment":[{"href":"https:\/\/www.porto-klaras.gr\/fr\/wp-json\/wp\/v2\/media?parent=12"}],"curies":[{"name":"wp","href":"https:\/\/api.w.org\/{rel}","templated":true}]}}